{"id":77,"date":"2020-02-12T20:17:14","date_gmt":"2020-02-12T20:17:14","guid":{"rendered":"http:\/\/jr-touren.de\/?page_id=77"},"modified":"2020-02-22T18:15:03","modified_gmt":"2020-02-22T18:15:03","slug":"startseite","status":"publish","type":"page","link":"http:\/\/jr-touren.de\/","title":{"rendered":"Startseite"},"content":{"rendered":"\n<h1 style=\"text-align: center;\"><span style=\"color: #3366ff;\">Isle of Man<\/span><\/h1>\n<p style=\"text-align: center;\"><strong>&#8230;Die Insel mit den 2 Gesichtern&#8230;<\/strong><\/p>\n<p>Die meisten Menschen kennen die Isle of Man nur von den ber\u00fchmten Tourist Trophy, oder kurz TT, genannten Rennen.<\/p>\n<p>Die TT ist das gr\u00f6\u00dfte und gef\u00e4hrlichste Stra\u00dfen-Motorradrennen der Welt, bei dem die Rennfahrer auf einen abgesperrten Rundkurs von 60,72 Kilometer L\u00e4nge, auf &#8220;normalen&#8221; Stra\u00dfen durch St\u00e4dte, D\u00f6rfer, W\u00e4lder und \u00fcber Berge unglaubliche Leistungen zeigen. Dabei werden teilweise Geschwindigkeiten \u00fcber 320 kmh erreicht . Der aktuelle Rundenrekord liegt derzeit bei einem Schnitt von 217,989 kmh und ist im Rennen der Senior-Klasse in einer Zeit von 16 min.\/42,778 sec. von Peter Hickman gefahren worden!<\/p>\n<p>Die gesamte TT besteht aus der Trainingswoche (immer die letzte Woche im Mai), danach anschlie\u00dfend die Rennwoche und zieht jedes Jahr viele Motorrad- und Rennsportfans magisch an.<\/p>\n<p>&nbsp;<\/p>\n\n\n\n<figure class=\"wp-block-image size-large\"><img loading=\"lazy\" width=\"1024\" height=\"683\" src=\"http:\/\/jr-touren.de\/wp-content\/uploads\/2020\/02\/SBK-Training-in-Sulby-1024x683.jpg\" alt=\"\" class=\"wp-image-230\" srcset=\"http:\/\/jr-touren.de\/wp-content\/uploads\/2020\/02\/SBK-Training-in-Sulby-1024x683.jpg 1024w, http:\/\/jr-touren.de\/wp-content\/uploads\/2020\/02\/SBK-Training-in-Sulby-300x200.jpg 300w, http:\/\/jr-touren.de\/wp-content\/uploads\/2020\/02\/SBK-Training-in-Sulby-768x512.jpg 768w, http:\/\/jr-touren.de\/wp-content\/uploads\/2020\/02\/SBK-Training-in-Sulby-1536x1024.jpg 1536w, http:\/\/jr-touren.de\/wp-content\/uploads\/2020\/02\/SBK-Training-in-Sulby-2048x1365.jpg 2048w, http:\/\/jr-touren.de\/wp-content\/uploads\/2020\/02\/SBK-Training-in-Sulby-2x1.jpg 2w\" sizes=\"(max-width: 1024px) 100vw, 1024px\" \/><figcaption><strong>SBK-Training bei Sulby mit Geschwindigkeiten von mehr als 300 Km\/h<\/strong><\/figcaption><\/figure>\n\n\n\n<figure class=\"wp-block-image size-large\"><img loading=\"lazy\" width=\"800\" height=\"600\" src=\"http:\/\/jr-touren.de\/wp-content\/uploads\/2020\/02\/Anfahrt-auf-Ginger-Hall.jpg\" alt=\"\" class=\"wp-image-246\" srcset=\"http:\/\/jr-touren.de\/wp-content\/uploads\/2020\/02\/Anfahrt-auf-Ginger-Hall.jpg 800w, http:\/\/jr-touren.de\/wp-content\/uploads\/2020\/02\/Anfahrt-auf-Ginger-Hall-300x225.jpg 300w, http:\/\/jr-touren.de\/wp-content\/uploads\/2020\/02\/Anfahrt-auf-Ginger-Hall-768x576.jpg 768w, http:\/\/jr-touren.de\/wp-content\/uploads\/2020\/02\/Anfahrt-auf-Ginger-Hall-1x1.jpg 1w\" sizes=\"(max-width: 800px) 100vw, 800px\" \/><figcaption><strong>&#8230;Anfahrt auf Ginger Hall<\/strong><\/figcaption><\/figure>\n\n\n\n<figure class=\"wp-block-image size-large\"><img loading=\"lazy\" width=\"1024\" height=\"768\" src=\"http:\/\/jr-touren.de\/wp-content\/uploads\/2020\/02\/P1050010-1024x768.jpg\" alt=\"\" class=\"wp-image-232\" srcset=\"http:\/\/jr-touren.de\/wp-content\/uploads\/2020\/02\/P1050010-1024x768.jpg 1024w, http:\/\/jr-touren.de\/wp-content\/uploads\/2020\/02\/P1050010-300x225.jpg 300w, http:\/\/jr-touren.de\/wp-content\/uploads\/2020\/02\/P1050010-768x576.jpg 768w, http:\/\/jr-touren.de\/wp-content\/uploads\/2020\/02\/P1050010-1536x1152.jpg 1536w, http:\/\/jr-touren.de\/wp-content\/uploads\/2020\/02\/P1050010-2048x1536.jpg 2048w, http:\/\/jr-touren.de\/wp-content\/uploads\/2020\/02\/P1050010-1x1.jpg 1w\" sizes=\"(max-width: 1024px) 100vw, 1024px\" \/><figcaption><strong>Beim Ginger-Hall Hotel&#8230;man achte auf den Daumen vom Copiloten&#8230;<\/strong><br><\/figcaption><\/figure>\n\n\n\n\n\n<figure class=\"wp-block-image size-large\"><img loading=\"lazy\" width=\"1024\" height=\"683\" src=\"http:\/\/jr-touren.de\/wp-content\/uploads\/2020\/02\/Anfahrt-Ginger-Hall-1024x683.jpg\" alt=\"\" class=\"wp-image-247\" srcset=\"http:\/\/jr-touren.de\/wp-content\/uploads\/2020\/02\/Anfahrt-Ginger-Hall-1024x683.jpg 1024w, http:\/\/jr-touren.de\/wp-content\/uploads\/2020\/02\/Anfahrt-Ginger-Hall-300x200.jpg 300w, http:\/\/jr-touren.de\/wp-content\/uploads\/2020\/02\/Anfahrt-Ginger-Hall-768x512.jpg 768w, http:\/\/jr-touren.de\/wp-content\/uploads\/2020\/02\/Anfahrt-Ginger-Hall-1536x1024.jpg 1536w, http:\/\/jr-touren.de\/wp-content\/uploads\/2020\/02\/Anfahrt-Ginger-Hall-2048x1365.jpg 2048w, http:\/\/jr-touren.de\/wp-content\/uploads\/2020\/02\/Anfahrt-Ginger-Hall-2x1.jpg 2w\" sizes=\"(max-width: 1024px) 100vw, 1024px\" \/><figcaption><strong>&#8230;Guy Martin vor Ginger Hall<\/strong><\/figcaption><\/figure>\n\n\n\n<figure class=\"wp-block-image size-large\"><img loading=\"lazy\" width=\"1024\" height=\"768\" src=\"http:\/\/jr-touren.de\/wp-content\/uploads\/2020\/02\/\u00fcber-Braddan-Bridge-1024x768.jpg\" alt=\"\" class=\"wp-image-248\" srcset=\"http:\/\/jr-touren.de\/wp-content\/uploads\/2020\/02\/\u00fcber-Braddan-Bridge-1024x768.jpg 1024w, http:\/\/jr-touren.de\/wp-content\/uploads\/2020\/02\/\u00fcber-Braddan-Bridge-300x225.jpg 300w, http:\/\/jr-touren.de\/wp-content\/uploads\/2020\/02\/\u00fcber-Braddan-Bridge-768x576.jpg 768w, http:\/\/jr-touren.de\/wp-content\/uploads\/2020\/02\/\u00fcber-Braddan-Bridge-1536x1152.jpg 1536w, http:\/\/jr-touren.de\/wp-content\/uploads\/2020\/02\/\u00fcber-Braddan-Bridge-2048x1536.jpg 2048w, http:\/\/jr-touren.de\/wp-content\/uploads\/2020\/02\/\u00fcber-Braddan-Bridge-1x1.jpg 1w\" sizes=\"(max-width: 1024px) 100vw, 1024px\" \/><figcaption><strong>&#8230;\u00fcber Braddan Bridge<\/strong><\/figcaption><\/figure>\n\n\n\n<p>&nbsp;<\/p>\n<p>&nbsp;<\/p>\n<p>&nbsp;<\/p>\n<p>&nbsp;<\/p>\n<p><strong>Jetzt aber zu dem zweiten, meist unbekanntem Gesicht der Isle of Man..<\/strong>.<\/p>\n<p>Was viele Menschen nicht wissen, sie ist eine wundersch\u00f6ne und reizvolle Urlaubsinsel. Diese kleine Insel besticht mit ihren unterschiedlichen Landschaftsformen und Sehensw\u00fcrdigkeiten. Auch die Historie, Traditionen und Mythen tragen zu einem au\u00dfergew\u00f6hnlichen Urlaub bei. Das angenehme Klima und die sehr freundlichen, hilfsbereiten Bewohner und auch die eigenartige Tierwelt runden die Reise ab.<\/p>\n\n\n\n<figure class=\"wp-block-image size-large\"><img loading=\"lazy\" width=\"1024\" height=\"768\" src=\"http:\/\/jr-touren.de\/wp-content\/uploads\/2020\/02\/der-S\u00fcden-1024x768.jpg\" alt=\"\" class=\"wp-image-261\" srcset=\"http:\/\/jr-touren.de\/wp-content\/uploads\/2020\/02\/der-S\u00fcden-1024x768.jpg 1024w, http:\/\/jr-touren.de\/wp-content\/uploads\/2020\/02\/der-S\u00fcden-300x225.jpg 300w, http:\/\/jr-touren.de\/wp-content\/uploads\/2020\/02\/der-S\u00fcden-768x576.jpg 768w, http:\/\/jr-touren.de\/wp-content\/uploads\/2020\/02\/der-S\u00fcden-1536x1152.jpg 1536w, http:\/\/jr-touren.de\/wp-content\/uploads\/2020\/02\/der-S\u00fcden-2048x1536.jpg 2048w, http:\/\/jr-touren.de\/wp-content\/uploads\/2020\/02\/der-S\u00fcden-1x1.jpg 1w\" sizes=\"(max-width: 1024px) 100vw, 1024px\" \/><figcaption><strong>von der s\u00fcdlichsten Spitze&#8230;<\/strong><\/figcaption><\/figure>\n\n\n\n<figure class=\"wp-block-image size-large\"><img loading=\"lazy\" width=\"1024\" height=\"768\" src=\"http:\/\/jr-touren.de\/wp-content\/uploads\/2020\/02\/s\u00fcd-westen-1024x768.jpg\" alt=\"\" class=\"wp-image-262\" srcset=\"http:\/\/jr-touren.de\/wp-content\/uploads\/2020\/02\/s\u00fcd-westen-1024x768.jpg 1024w, http:\/\/jr-touren.de\/wp-content\/uploads\/2020\/02\/s\u00fcd-westen-300x225.jpg 300w, http:\/\/jr-touren.de\/wp-content\/uploads\/2020\/02\/s\u00fcd-westen-768x576.jpg 768w, http:\/\/jr-touren.de\/wp-content\/uploads\/2020\/02\/s\u00fcd-westen-1536x1152.jpg 1536w, http:\/\/jr-touren.de\/wp-content\/uploads\/2020\/02\/s\u00fcd-westen-2048x1536.jpg 2048w, http:\/\/jr-touren.de\/wp-content\/uploads\/2020\/02\/s\u00fcd-westen-1x1.jpg 1w\" sizes=\"(max-width: 1024px) 100vw, 1024px\" \/><figcaption><strong>&#8230;weiter westlich&#8230;<\/strong><\/figcaption><\/figure>\n\n\n\n<figure class=\"wp-block-image size-large\"><img loading=\"lazy\" width=\"1024\" height=\"768\" src=\"http:\/\/jr-touren.de\/wp-content\/uploads\/2020\/02\/westen-1024x768.jpg\" alt=\"\" class=\"wp-image-263\" srcset=\"http:\/\/jr-touren.de\/wp-content\/uploads\/2020\/02\/westen-1024x768.jpg 1024w, http:\/\/jr-touren.de\/wp-content\/uploads\/2020\/02\/westen-300x225.jpg 300w, http:\/\/jr-touren.de\/wp-content\/uploads\/2020\/02\/westen-768x576.jpg 768w, http:\/\/jr-touren.de\/wp-content\/uploads\/2020\/02\/westen-1536x1152.jpg 1536w, http:\/\/jr-touren.de\/wp-content\/uploads\/2020\/02\/westen-2048x1536.jpg 2048w, http:\/\/jr-touren.de\/wp-content\/uploads\/2020\/02\/westen-1x1.jpg 1w\" sizes=\"(max-width: 1024px) 100vw, 1024px\" \/><figcaption><strong>&#8230;Richtung Norden<\/strong><\/figcaption><\/figure>\n\n\n\n<figure class=\"wp-block-image size-large\"><img loading=\"lazy\" width=\"1024\" height=\"768\" src=\"http:\/\/jr-touren.de\/wp-content\/uploads\/2020\/02\/Binnenland-1024x768.jpg\" alt=\"\" class=\"wp-image-264\" srcset=\"http:\/\/jr-touren.de\/wp-content\/uploads\/2020\/02\/Binnenland-1024x768.jpg 1024w, http:\/\/jr-touren.de\/wp-content\/uploads\/2020\/02\/Binnenland-300x225.jpg 300w, http:\/\/jr-touren.de\/wp-content\/uploads\/2020\/02\/Binnenland-768x576.jpg 768w, http:\/\/jr-touren.de\/wp-content\/uploads\/2020\/02\/Binnenland-1536x1152.jpg 1536w, http:\/\/jr-touren.de\/wp-content\/uploads\/2020\/02\/Binnenland-2048x1536.jpg 2048w, http:\/\/jr-touren.de\/wp-content\/uploads\/2020\/02\/Binnenland-1x1.jpg 1w\" sizes=\"(max-width: 1024px) 100vw, 1024px\" \/><figcaption><strong>ins Binnenland<\/strong><\/figcaption><\/figure>\n\n\n\n<figure class=\"wp-block-image size-large\"><img loading=\"lazy\" width=\"1024\" height=\"768\" src=\"http:\/\/jr-touren.de\/wp-content\/uploads\/2020\/02\/Burg-1024x768.jpg\" alt=\"\" class=\"wp-image-265\" srcset=\"http:\/\/jr-touren.de\/wp-content\/uploads\/2020\/02\/Burg-1024x768.jpg 1024w, http:\/\/jr-touren.de\/wp-content\/uploads\/2020\/02\/Burg-300x225.jpg 300w, http:\/\/jr-touren.de\/wp-content\/uploads\/2020\/02\/Burg-768x576.jpg 768w, http:\/\/jr-touren.de\/wp-content\/uploads\/2020\/02\/Burg-1536x1152.jpg 1536w, http:\/\/jr-touren.de\/wp-content\/uploads\/2020\/02\/Burg-2048x1536.jpg 2048w, http:\/\/jr-touren.de\/wp-content\/uploads\/2020\/02\/Burg-1x1.jpg 1w\" sizes=\"(max-width: 1024px) 100vw, 1024px\" \/><figcaption><strong>diese Burg diente auch zur Verteidigung<\/strong><\/figcaption><\/figure>\n\n\n\n<figure class=\"wp-block-image size-large\"><img loading=\"lazy\" width=\"1024\" height=\"768\" src=\"http:\/\/jr-touren.de\/wp-content\/uploads\/2020\/02\/Loagthan-Sheep-1024x768.jpg\" alt=\"\" class=\"wp-image-266\" srcset=\"http:\/\/jr-touren.de\/wp-content\/uploads\/2020\/02\/Loagthan-Sheep-1024x768.jpg 1024w, http:\/\/jr-touren.de\/wp-content\/uploads\/2020\/02\/Loagthan-Sheep-300x225.jpg 300w, http:\/\/jr-touren.de\/wp-content\/uploads\/2020\/02\/Loagthan-Sheep-768x576.jpg 768w, http:\/\/jr-touren.de\/wp-content\/uploads\/2020\/02\/Loagthan-Sheep-1536x1152.jpg 1536w, http:\/\/jr-touren.de\/wp-content\/uploads\/2020\/02\/Loagthan-Sheep-2048x1536.jpg 2048w, http:\/\/jr-touren.de\/wp-content\/uploads\/2020\/02\/Loagthan-Sheep-1x1.jpg 1w\" sizes=\"(max-width: 1024px) 100vw, 1024px\" \/><figcaption><strong>ein Loagthan-Sheep&#8230;die B\u00f6cke haben oftmals 4 H\u00f6rner&#8230;<\/strong><\/figcaption><\/figure>\n\n\n\n<p><\/p>\n","protected":false},"excerpt":{"rendered":"<p>Isle of Man &#8230;Die Insel mit den 2 Gesichtern&#8230; Die meisten Menschen kennen die Isle of Man nur von den ber\u00fchmten Tourist Trophy, oder kurz TT, genannten Rennen. Die TT ist das gr\u00f6\u00dfte und gef\u00e4hrlichste Stra\u00dfen-Motorradrennen der Welt, bei dem die Rennfahrer auf einen abgesperrten Rundkurs von 60,72 Kilometer L\u00e4nge, auf &#8220;normalen&#8221; Stra\u00dfen durch St\u00e4dte, [&hellip;]<\/p>\n","protected":false},"author":1,"featured_media":0,"parent":0,"menu_order":0,"comment_status":"closed","ping_status":"closed","template":"","meta":{"ngg_post_thumbnail":0},"_links":{"self":[{"href":"http:\/\/jr-touren.de\/index.php?rest_route=\/wp\/v2\/pages\/77"}],"collection":[{"href":"http:\/\/jr-touren.de\/index.php?rest_route=\/wp\/v2\/pages"}],"about":[{"href":"http:\/\/jr-touren.de\/index.php?rest_route=\/wp\/v2\/types\/page"}],"author":[{"embeddable":true,"href":"http:\/\/jr-touren.de\/index.php?rest_route=\/wp\/v2\/users\/1"}],"replies":[{"embeddable":true,"href":"http:\/\/jr-touren.de\/index.php?rest_route=%2Fwp%2Fv2%2Fcomments&post=77"}],"version-history":[{"count":29,"href":"http:\/\/jr-touren.de\/index.php?rest_route=\/wp\/v2\/pages\/77\/revisions"}],"predecessor-version":[{"id":270,"href":"http:\/\/jr-touren.de\/index.php?rest_route=\/wp\/v2\/pages\/77\/revisions\/270"}],"wp:attachment":[{"href":"http:\/\/jr-touren.de\/index.php?rest_route=%2Fwp%2Fv2%2Fmedia&parent=77"}],"curies":[{"name":"wp","href":"https:\/\/api.w.org\/{rel}","templated":true}]}}