{"id":47,"date":"2020-02-12T14:58:03","date_gmt":"2020-02-12T14:58:03","guid":{"rendered":"http:\/\/jr-touren.de\/?page_id=47"},"modified":"2020-02-27T14:14:05","modified_gmt":"2020-02-27T14:14:05","slug":"agbs","status":"publish","type":"page","link":"http:\/\/jr-touren.de\/?page_id=47","title":{"rendered":"AGB`s"},"content":{"rendered":"\n<table border=\"0\" cellspacing=\"0\" cellpadding=\"0\">\n<tbody>\n<tr>\n<td valign=\"top\">\n<table style=\"width: 100%;\" border=\"0\" width=\"520\" cellspacing=\"0\" cellpadding=\"0\">\n<tbody>\n<tr>\n<td style=\"width: 1.73611%;\" colspan=\"3\" valign=\"top\">\n<p>AGB`s und wichtige Informationen<br><br><br><br>1.) Leistungen des Veranstalters:<br><br>Veranstaltung von gef\u00fchrten Touren in und durch die in den Tourenbeschreibungen angegebenen Bereiche.<br><br>Informationen w\u00e4hrend der Tour \u00fcber die Ausflugsziele.<br><br>2.) Es gelten die allgemeinen gesetzlichen Gesch\u00e4ftsbedingungen.<br><br>3.) Die Anmeldungen werden in schriftlicher Form angenommen.<br><br>4.)Die angegebenen Preise haben f\u00fcr Einzelpersonen (Fahrer\/Beifahrer) G\u00fcltigkeit.<\/p>\n<p><br>5.)Die Teilnahme an den gef\u00fchrten Touren und Gruppenfahrten ist freiwillig.&nbsp; &nbsp; &nbsp; &nbsp; &nbsp; &nbsp; &nbsp; &nbsp; &nbsp; &nbsp; &nbsp; &nbsp; &nbsp; &nbsp; &nbsp; &nbsp; &nbsp; &nbsp; &nbsp; &nbsp; &nbsp; &nbsp; &nbsp; &nbsp; &nbsp; &nbsp; &nbsp; &nbsp; &nbsp; &nbsp; &nbsp; &nbsp; &nbsp; &nbsp; &nbsp; &nbsp; &nbsp; &nbsp; &nbsp; &nbsp; &nbsp; &nbsp; &nbsp; &nbsp; &nbsp; &nbsp; &nbsp; &nbsp; &nbsp; &nbsp; &nbsp; &nbsp; &nbsp; &nbsp; &nbsp; &nbsp; &nbsp; D.H.: Wer sich aus der Gruppe abmeldet, handelt Eigenverantwortlich!&nbsp;<\/p>\n<p>6.)Sonderausgaben der Teilnehmer sowie Treibstoff f\u00fcr die Fahrzeuge m\u00fcssen vom Teilnehmer zus\u00e4tzlich aufgebracht werden!<br><br>7.)Wenn nicht gesondert verhandelt, wird bei zu geringer Beteiligung (unter 7 Motorr\u00e4der) die Tour abgesagt bzw. ein neuer Termin festgelegt.<br><br>8.)Unvorhersehbare Vorkommnisse oder Ereignisse die vom Veranstalter\/Tourguide nicht zu verantworten oder zu beeinflussen sind, sowie St\u00f6rungen durch Vorsatz oder grobe Fahrl\u00e4ssigkeit seitens der Teilnehmer, unterliegen dem Haftungsausschluss!<br>Desgleichen gilt f\u00fcr Stra\u00dfensperrungen\/Umleitungen durch Baustellen\/Unf\u00e4lle oder \u00e4hnliches, Wetter\u00e4nderungen usw., wodurch die<br>Veranstaltung ebenfalls kurzfristig ge\u00e4ndert werden muss !<\/p>\n<p>&nbsp;<\/p>\n<p><br>9.) Zur allgemeinen Sicherheit:<br><br>Der\/die Fahrer\/in muss im Besitz einer g\u00fcltigen Fahrerlaubnis sein.<br><br>Die Fahrzeuge m\u00fcssen selbstverst\u00e4ndlich den gesetzlichen und technischen Vorschriften entsprechend verkehrssicher sein.<br><br>Es gelten die Regeln der StVo und die gesetzlichen Bestimmungen f\u00fcr die Haftpflicht und Versicherungen von Personen und Fahrzeugen.<br><br>Wir empfehlen das Tragen von ordnungsgem\u00e4\u00dfer Schutzkleidung.<br><br>Bei groben Verst\u00f6\u00dfen bzw. Verhalten eines oder mehrerer Teilnehmer\/s, bei dem die Sicherheit der \u00fcbrigen Teilnehmer gef\u00e4hrdet wird oder ein bzw. andere Teilnehmer gesch\u00e4digt werden, ist der Veranstalter oder Tourguide berechtigt bzw. verpflichtet den Verursacher von der Gruppenfahrt auszuschlie\u00dfen. Der Verursacher ist f\u00fcr evt. entstandene Sch\u00e4den Schadenersatzpflichtig!<br><br><br><\/p>\n<\/td>\n<\/tr>\n<tr>\n<td style=\"width: 1.73611%;\" colspan=\"3\" align=\"right\"><br><a class=\"navnormal\" href=\"..\/printable\/000001985b0ce1e49\/index.html\" target=\"_blank\" rel=\"noopener noreferrer\">Druckbare Version<\/a><br><br><\/td>\n<\/tr>\n<\/tbody>\n<\/table>\n<\/td>\n<\/tr>\n<\/tbody>\n<\/table>\n","protected":false},"excerpt":{"rendered":"<p>AGB`s und wichtige Informationen 1.) Leistungen des Veranstalters: Veranstaltung von gef\u00fchrten Touren in und durch die in den Tourenbeschreibungen angegebenen Bereiche. Informationen w\u00e4hrend der Tour \u00fcber die Ausflugsziele. 2.) Es gelten die allgemeinen gesetzlichen Gesch\u00e4ftsbedingungen. 3.) Die Anmeldungen werden in schriftlicher Form angenommen. 4.)Die angegebenen Preise haben f\u00fcr Einzelpersonen (Fahrer\/Beifahrer) G\u00fcltigkeit. 5.)Die Teilnahme an den [&hellip;]<\/p>\n","protected":false},"author":1,"featured_media":0,"parent":0,"menu_order":0,"comment_status":"closed","ping_status":"closed","template":"","meta":{"ngg_post_thumbnail":0},"_links":{"self":[{"href":"http:\/\/jr-touren.de\/index.php?rest_route=\/wp\/v2\/pages\/47"}],"collection":[{"href":"http:\/\/jr-touren.de\/index.php?rest_route=\/wp\/v2\/pages"}],"about":[{"href":"http:\/\/jr-touren.de\/index.php?rest_route=\/wp\/v2\/types\/page"}],"author":[{"embeddable":true,"href":"http:\/\/jr-touren.de\/index.php?rest_route=\/wp\/v2\/users\/1"}],"replies":[{"embeddable":true,"href":"http:\/\/jr-touren.de\/index.php?rest_route=%2Fwp%2Fv2%2Fcomments&post=47"}],"version-history":[{"count":8,"href":"http:\/\/jr-touren.de\/index.php?rest_route=\/wp\/v2\/pages\/47\/revisions"}],"predecessor-version":[{"id":1718,"href":"http:\/\/jr-touren.de\/index.php?rest_route=\/wp\/v2\/pages\/47\/revisions\/1718"}],"wp:attachment":[{"href":"http:\/\/jr-touren.de\/index.php?rest_route=%2Fwp%2Fv2%2Fmedia&parent=47"}],"curies":[{"name":"wp","href":"https:\/\/api.w.org\/{rel}","templated":true}]}}