{"id":39,"date":"2020-02-12T14:56:18","date_gmt":"2020-02-12T14:56:18","guid":{"rendered":"http:\/\/jr-touren.de\/?page_id=39"},"modified":"2025-09-24T08:19:19","modified_gmt":"2025-09-24T08:19:19","slug":"reisen","status":"publish","type":"page","link":"http:\/\/jr-touren.de\/?page_id=39","title":{"rendered":"Reisen TT Isle of Man"},"content":{"rendered":"\n<p><strong><em><br>JR-Touren bietet an:<\/em><\/strong><\/p>\n\n\n\n<p><\/p>\n\n\n\n<p><\/p>\n\n\n<p><!--StartFragment--><\/p>\n\n\n<p><\/p>\n\n\n\n<p><\/p>\n\n\n\n<p><\/p>\n\n\n\n<p><\/p>\n\n\n\n<p><\/p>\n\n\n\n<p><\/p>\n\n\n\n<p><\/p>\n\n\n\n<p><strong><br><em>Termine f\u00fcr die TT-2026 !!!<\/em><\/strong><br><\/p>\n\n\n\n<p><strong>Trainingswoche vom 20.05.2026 bis 30.05.2026          =          (10 t\u00e4gige Reise)<br><\/strong><\/p>\n\n\n\n<p><strong>Reisepreis: 1980,-Euro<\/strong><\/p>\n\n\n\n<p><\/p>\n\n\n\n<p><strong><br>Rennwoche vom 28.05.2026 bis 08.06.202<\/strong>6          <strong>=<\/strong>          (<strong>11 t\u00e4gige Reise)<\/strong><\/p>\n\n\n\n<p><strong>Reisepreis: 2180,-Euro<\/strong><\/p>\n\n\n\n<p><\/p>\n\n\n\n<p><strong><br>N\u00e4here Ausk\u00fcnfte ab sofort per E-Mail oder Telefon.<br>Verbindungen siehe Homepage!<\/strong><\/p>\n\n\n\n<p>&nbsp;<\/p>\n<p>&nbsp;<\/p>\n<p>&nbsp;<\/p>\n\n\n\n<p>Alle unter der Tourenbeschreibung aufgef\u00fchrten Leistungen sind im Preis inbegriffen!<\/p>\n\n\n\n<p>Tourbeschreibung:<\/p>\n\n\n\n<p>1.) Eigene Anreise zum Hafen in den Niederlanden<br>Tourguide`s stehen ab\/bis Hafen in den Niederlanden zur Verf\u00fcgung!<\/p>\n\n\n\n<p>2.) Gef\u00fchrte Tour zum n\u00e4chsten Hafen in Gro\u00dfbritannien<br>F\u00e4hr\u00fcberfahrt von Gro\u00dfbritannien zur Isle of Man ( Hin- und R\u00fcckreise )<\/p>\n\n\n\n<p>3.) 8\/9 \u00dcbernachtungen mit Fr\u00fchst\u00fcck auf der Isle of Man.<br>Unterbringung im Hotel direkt an der Rennstrecke in 2 oder 3-Bettzimmer.<\/p>\n\n\n\n<p>4.) Gef\u00fchrte Touren auf der Isle of Man zu Sehensw\u00fcrdigkeiten und Aussichtspunkten (wetterabh\u00e4ngig).<br>Und nat\u00fcrlich, der Rennsport !<\/p>\n\n\n\n<p>&gt;Achtung:  Die Teilnahme an allen gef\u00fchrten Touren ist freiwillig! <\/p>\n\n\n\n<p><strong><br><\/strong><\/p>\n","protected":false},"excerpt":{"rendered":"<p>JR-Touren bietet an: Termine f\u00fcr die TT-2026 !!! Trainingswoche vom 20.05.2026 bis 30.05.2026 = (10 t\u00e4gige Reise) Reisepreis: 1980,-Euro Rennwoche vom 28.05.2026 bis 08.06.2026 = (11 t\u00e4gige Reise) Reisepreis: 2180,-Euro N\u00e4here Ausk\u00fcnfte ab sofort per E-Mail oder Telefon.Verbindungen siehe Homepage! &nbsp; &nbsp; &nbsp; Alle unter der Tourenbeschreibung aufgef\u00fchrten Leistungen sind im Preis inbegriffen! Tourbeschreibung: 1.) [&hellip;]<\/p>\n","protected":false},"author":1,"featured_media":0,"parent":0,"menu_order":0,"comment_status":"closed","ping_status":"closed","template":"","meta":{"ngg_post_thumbnail":0},"_links":{"self":[{"href":"http:\/\/jr-touren.de\/index.php?rest_route=\/wp\/v2\/pages\/39"}],"collection":[{"href":"http:\/\/jr-touren.de\/index.php?rest_route=\/wp\/v2\/pages"}],"about":[{"href":"http:\/\/jr-touren.de\/index.php?rest_route=\/wp\/v2\/types\/page"}],"author":[{"embeddable":true,"href":"http:\/\/jr-touren.de\/index.php?rest_route=\/wp\/v2\/users\/1"}],"replies":[{"embeddable":true,"href":"http:\/\/jr-touren.de\/index.php?rest_route=%2Fwp%2Fv2%2Fcomments&post=39"}],"version-history":[{"count":33,"href":"http:\/\/jr-touren.de\/index.php?rest_route=\/wp\/v2\/pages\/39\/revisions"}],"predecessor-version":[{"id":1960,"href":"http:\/\/jr-touren.de\/index.php?rest_route=\/wp\/v2\/pages\/39\/revisions\/1960"}],"wp:attachment":[{"href":"http:\/\/jr-touren.de\/index.php?rest_route=%2Fwp%2Fv2%2Fmedia&parent=39"}],"curies":[{"name":"wp","href":"https:\/\/api.w.org\/{rel}","templated":true}]}}